{"id":2000,"date":"2025-05-06T10:39:18","date_gmt":"2025-05-06T10:39:18","guid":{"rendered":"https:\/\/vienaresidences.pt\/wip\/?page_id=2000"},"modified":"2025-05-06T15:51:29","modified_gmt":"2025-05-06T15:51:29","slug":"galeria","status":"publish","type":"page","link":"https:\/\/vienaresidences.pt\/en\/galeria\/","title":{"rendered":"GALLERY"},"content":{"rendered":"<div data-elementor-type=\"wp-page\" data-elementor-id=\"2000\" class=\"elementor elementor-2000\" data-elementor-settings=\"{&quot;page_masthead_image_height&quot;:{&quot;unit&quot;:&quot;px&quot;,&quot;size&quot;:900,&quot;sizes&quot;:[]},&quot;page_masthead_image_height_tablet&quot;:{&quot;unit&quot;:&quot;vh&quot;,&quot;size&quot;:70,&quot;sizes&quot;:[]},&quot;page_masthead_image_height_mobile&quot;:{&quot;unit&quot;:&quot;vh&quot;,&quot;size&quot;:50,&quot;sizes&quot;:[]}}\">\n\t\t\t\t\t\t<section class=\"elementor-section elementor-top-section elementor-element elementor-element-823f5ae elementor-section-full_width elementor-section-content-middle bg-accent-primary-3 elementor-section-height-default elementor-section-height-default\" data-id=\"823f5ae\" data-element_type=\"section\">\n\t\t\t\t\t\t<div class=\"elementor-container elementor-column-gap-extended\">\n\t\t\t\t\t<div class=\"elementor-column elementor-col-100 elementor-top-column elementor-element elementor-element-9069010\" data-id=\"9069010\" data-element_type=\"column\">\n\t\t\t<div class=\"elementor-widget-wrap elementor-element-populated\">\n\t\t\t\t\t\t<div class=\"elementor-element elementor-element-8c860b3 elementor-widget elementor-widget-cassio-widget-slider-images\" data-id=\"8c860b3\" data-element_type=\"widget\" data-settings=\"{&quot;space_between&quot;:{&quot;unit&quot;:&quot;px&quot;,&quot;size&quot;:0,&quot;sizes&quot;:[]},&quot;slides_per_view&quot;:{&quot;unit&quot;:&quot;number&quot;,&quot;size&quot;:3.5,&quot;sizes&quot;:[]},&quot;slides_per_view_tablet&quot;:{&quot;unit&quot;:&quot;number&quot;,&quot;size&quot;:1.33,&quot;sizes&quot;:[]},&quot;slides_per_view_mobile&quot;:{&quot;unit&quot;:&quot;number&quot;,&quot;size&quot;:1.33,&quot;sizes&quot;:[]},&quot;centered_slides_tablet&quot;:true,&quot;centered_slides_mobile&quot;:true,&quot;space_between_tablet&quot;:{&quot;unit&quot;:&quot;px&quot;,&quot;size&quot;:15,&quot;sizes&quot;:[]},&quot;space_between_mobile&quot;:{&quot;unit&quot;:&quot;px&quot;,&quot;size&quot;:15,&quot;sizes&quot;:[]}}\" data-widget_type=\"cassio-widget-slider-images.default\">\n\t\t\t\t<div class=\"elementor-widget-container\">\n\t\t\t\t\t\n\t\t<div class=\"slider slider-images slider-images_footer-bottom\">\n\t\t\t<div class=\"swiper swiper-container js-slider-images slider_draggable slider_vertical-centered\" data-speed=\"1200\" data-slides-per-view=\"3.5\" data-space-between=\"0\" data-centered-slides=\"\" data-touch-ratio=\"3\" data-counter-zeros=\"\" data-slides-per-view-tablet=\"1.33\" data-slides-per-view-mobile=\"1.33\" data-space-between-tablet=\"15\" data-space-between-mobile=\"15\" data-centered-slides-tablet=\"true\" data-centered-slides-mobile=\"true\" data-autoplay-enabled=\"true\" data-autoplay-delay=\"6000\">\n\t\t\t\t<div class=\"swiper-wrapper\">\n\t\t\t\t\t\t\t\t\t\t\t\t\t\t\t\t\t\t<div class=\"swiper-slide slider__slide slider-images__slide\">\n\t\t\t\t\t\t\t\t<div class=\"slider__slide-inner slider-images__inner\">\n\t\t\t\t\t\t\t\t\t\t\t\t\t\t\t\t\t\t\t\t\t\t\t\t\t\t\t<img decoding=\"async\" class=\"swiper-lazy\" src=\"data:image\/png;base64,iVBORw0KGgoAAAANSUhEUgAAAAEAAAABCAQAAAHCGzyUAAAABGdBTUEAALGPC\/xhBQAAADhlWElmTU0AKgAAAAgAAYdpAAQAAAABAAAAGgAAAAAAAqACAAQAAAABAAAAAaADAAQAAAABAAAAAQAAAADa6r\/EAAAAC0lEQVQI12NolQQAASYAn89qhTcAAAAASUVORK5CYII=\" data-src=\"https:\/\/vienaresidences.pt\/wp-content\/uploads\/2025\/05\/1-768x512.jpg\" data-srcset=\"\" data-sizes=\"\" alt=\"\"  \/>\n\t\t\t\t\t\t\t\t\t\t\t\t\t\t\t\t\t\t\t\t\t\t\t\t\t\t\t\t<\/div>\n\t\t\t\t\t\t\t<\/div>\n\t\t\t\t\t\t\t\t\t\t\t\t\t<div class=\"swiper-slide slider__slide slider-images__slide\">\n\t\t\t\t\t\t\t\t<div class=\"slider__slide-inner slider-images__inner\">\n\t\t\t\t\t\t\t\t\t\t\t\t\t\t\t\t\t\t\t\t\t\t\t\t\t\t\t<img decoding=\"async\" class=\"swiper-lazy\" src=\"data:image\/png;base64,iVBORw0KGgoAAAANSUhEUgAAAAEAAAABCAQAAAHCGzyUAAAABGdBTUEAALGPC\/xhBQAAADhlWElmTU0AKgAAAAgAAYdpAAQAAAABAAAAGgAAAAAAAqACAAQAAAABAAAAAaADAAQAAAABAAAAAQAAAADa6r\/EAAAAC0lEQVQI12NolQQAASYAn89qhTcAAAAASUVORK5CYII=\" data-src=\"https:\/\/vienaresidences.pt\/wp-content\/uploads\/2025\/05\/2-768x512.jpg\" data-srcset=\"\" data-sizes=\"\" alt=\"\"  \/>\n\t\t\t\t\t\t\t\t\t\t\t\t\t\t\t\t\t\t\t\t\t\t\t\t\t\t\t\t<\/div>\n\t\t\t\t\t\t\t<\/div>\n\t\t\t\t\t\t\t\t\t\t\t\t\t<div class=\"swiper-slide slider__slide slider-images__slide\">\n\t\t\t\t\t\t\t\t<div class=\"slider__slide-inner slider-images__inner\">\n\t\t\t\t\t\t\t\t\t\t\t\t\t\t\t\t\t\t\t\t\t\t\t\t\t\t\t<img decoding=\"async\" class=\"swiper-lazy\" src=\"data:image\/png;base64,iVBORw0KGgoAAAANSUhEUgAAAAEAAAABCAQAAAHCGzyUAAAABGdBTUEAALGPC\/xhBQAAADhlWElmTU0AKgAAAAgAAYdpAAQAAAABAAAAGgAAAAAAAqACAAQAAAABAAAAAaADAAQAAAABAAAAAQAAAADa6r\/EAAAAC0lEQVQI12NolQQAASYAn89qhTcAAAAASUVORK5CYII=\" data-src=\"https:\/\/vienaresidences.pt\/wp-content\/uploads\/2025\/05\/3-768x512.jpg\" data-srcset=\"\" data-sizes=\"\" alt=\"\"  \/>\n\t\t\t\t\t\t\t\t\t\t\t\t\t\t\t\t\t\t\t\t\t\t\t\t\t\t\t\t<\/div>\n\t\t\t\t\t\t\t<\/div>\n\t\t\t\t\t\t\t\t\t\t\t\t\t<div class=\"swiper-slide slider__slide slider-images__slide\">\n\t\t\t\t\t\t\t\t<div class=\"slider__slide-inner slider-images__inner\">\n\t\t\t\t\t\t\t\t\t\t\t\t\t\t\t\t\t\t\t\t\t\t\t\t\t\t\t<img decoding=\"async\" class=\"swiper-lazy\" src=\"data:image\/png;base64,iVBORw0KGgoAAAANSUhEUgAAAAEAAAABCAQAAAHCGzyUAAAABGdBTUEAALGPC\/xhBQAAADhlWElmTU0AKgAAAAgAAYdpAAQAAAABAAAAGgAAAAAAAqACAAQAAAABAAAAAaADAAQAAAABAAAAAQAAAADa6r\/EAAAAC0lEQVQI12NolQQAASYAn89qhTcAAAAASUVORK5CYII=\" data-src=\"https:\/\/vienaresidences.pt\/wp-content\/uploads\/2025\/02\/T1_Quarto_01-768x512.jpg\" data-srcset=\"\" data-sizes=\"\" alt=\"\"  \/>\n\t\t\t\t\t\t\t\t\t\t\t\t\t\t\t\t\t\t\t\t\t\t\t\t\t\t\t\t<\/div>\n\t\t\t\t\t\t\t<\/div>\n\t\t\t\t\t\t\t\t\t\t\t\t\t<div class=\"swiper-slide slider__slide slider-images__slide\">\n\t\t\t\t\t\t\t\t<div class=\"slider__slide-inner slider-images__inner\">\n\t\t\t\t\t\t\t\t\t\t\t\t\t\t\t\t\t\t\t\t\t\t\t\t\t\t\t<img decoding=\"async\" class=\"swiper-lazy\" src=\"data:image\/png;base64,iVBORw0KGgoAAAANSUhEUgAAAAEAAAABCAQAAAHCGzyUAAAABGdBTUEAALGPC\/xhBQAAADhlWElmTU0AKgAAAAgAAYdpAAQAAAABAAAAGgAAAAAAAqACAAQAAAABAAAAAaADAAQAAAABAAAAAQAAAADa6r\/EAAAAC0lEQVQI12NolQQAASYAn89qhTcAAAAASUVORK5CYII=\" data-src=\"https:\/\/vienaresidences.pt\/wp-content\/uploads\/2025\/02\/T1_Sala_01-768x512.jpg\" data-srcset=\"\" data-sizes=\"\" alt=\"\"  \/>\n\t\t\t\t\t\t\t\t\t\t\t\t\t\t\t\t\t\t\t\t\t\t\t\t\t\t\t\t<\/div>\n\t\t\t\t\t\t\t<\/div>\n\t\t\t\t\t\t\t\t\t\t\t\t\t<div class=\"swiper-slide slider__slide slider-images__slide\">\n\t\t\t\t\t\t\t\t<div class=\"slider__slide-inner slider-images__inner\">\n\t\t\t\t\t\t\t\t\t\t\t\t\t\t\t\t\t\t\t\t\t\t\t\t\t\t\t<img decoding=\"async\" class=\"swiper-lazy\" src=\"data:image\/png;base64,iVBORw0KGgoAAAANSUhEUgAAAAEAAAABCAQAAAHCGzyUAAAABGdBTUEAALGPC\/xhBQAAADhlWElmTU0AKgAAAAgAAYdpAAQAAAABAAAAGgAAAAAAAqACAAQAAAABAAAAAaADAAQAAAABAAAAAQAAAADa6r\/EAAAAC0lEQVQI12NolQQAASYAn89qhTcAAAAASUVORK5CYII=\" data-src=\"https:\/\/vienaresidences.pt\/wp-content\/uploads\/2025\/02\/T2_75m2_Quarto_01-768x512.jpg\" data-srcset=\"\" data-sizes=\"\" alt=\"\"  \/>\n\t\t\t\t\t\t\t\t\t\t\t\t\t\t\t\t\t\t\t\t\t\t\t\t\t\t\t\t<\/div>\n\t\t\t\t\t\t\t<\/div>\n\t\t\t\t\t\t\t\t\t\t\t\t\t<div class=\"swiper-slide slider__slide slider-images__slide\">\n\t\t\t\t\t\t\t\t<div class=\"slider__slide-inner slider-images__inner\">\n\t\t\t\t\t\t\t\t\t\t\t\t\t\t\t\t\t\t\t\t\t\t\t\t\t\t\t<img decoding=\"async\" class=\"swiper-lazy\" src=\"data:image\/png;base64,iVBORw0KGgoAAAANSUhEUgAAAAEAAAABCAQAAAHCGzyUAAAABGdBTUEAALGPC\/xhBQAAADhlWElmTU0AKgAAAAgAAYdpAAQAAAABAAAAGgAAAAAAAqACAAQAAAABAAAAAaADAAQAAAABAAAAAQAAAADa6r\/EAAAAC0lEQVQI12NolQQAASYAn89qhTcAAAAASUVORK5CYII=\" data-src=\"https:\/\/vienaresidences.pt\/wp-content\/uploads\/2025\/02\/T2_75m2_Sala_01-768x512.jpg\" data-srcset=\"\" data-sizes=\"\" alt=\"\"  \/>\n\t\t\t\t\t\t\t\t\t\t\t\t\t\t\t\t\t\t\t\t\t\t\t\t\t\t\t\t<\/div>\n\t\t\t\t\t\t\t<\/div>\n\t\t\t\t\t\t\t\t\t\t\t\t\t<div class=\"swiper-slide slider__slide slider-images__slide\">\n\t\t\t\t\t\t\t\t<div class=\"slider__slide-inner slider-images__inner\">\n\t\t\t\t\t\t\t\t\t\t\t\t\t\t\t\t\t\t\t\t\t\t\t\t\t\t\t<img decoding=\"async\" class=\"swiper-lazy\" src=\"data:image\/png;base64,iVBORw0KGgoAAAANSUhEUgAAAAEAAAABCAQAAAHCGzyUAAAABGdBTUEAALGPC\/xhBQAAADhlWElmTU0AKgAAAAgAAYdpAAQAAAABAAAAGgAAAAAAAqACAAQAAAABAAAAAaADAAQAAAABAAAAAQAAAADa6r\/EAAAAC0lEQVQI12NolQQAASYAn89qhTcAAAAASUVORK5CYII=\" data-src=\"https:\/\/vienaresidences.pt\/wp-content\/uploads\/2025\/02\/T2_75m2_Wc_01-768x512.jpg\" data-srcset=\"\" data-sizes=\"\" alt=\"\"  \/>\n\t\t\t\t\t\t\t\t\t\t\t\t\t\t\t\t\t\t\t\t\t\t\t\t\t\t\t\t<\/div>\n\t\t\t\t\t\t\t<\/div>\n\t\t\t\t\t\t\t\t\t\t\t\t\t<div class=\"swiper-slide slider__slide slider-images__slide\">\n\t\t\t\t\t\t\t\t<div class=\"slider__slide-inner slider-images__inner\">\n\t\t\t\t\t\t\t\t\t\t\t\t\t\t\t\t\t\t\t\t\t\t\t\t\t\t\t<img decoding=\"async\" class=\"swiper-lazy\" src=\"data:image\/png;base64,iVBORw0KGgoAAAANSUhEUgAAAAEAAAABCAQAAAHCGzyUAAAABGdBTUEAALGPC\/xhBQAAADhlWElmTU0AKgAAAAgAAYdpAAQAAAABAAAAGgAAAAAAAqACAAQAAAABAAAAAaADAAQAAAABAAAAAQAAAADa6r\/EAAAAC0lEQVQI12NolQQAASYAn89qhTcAAAAASUVORK5CYII=\" data-src=\"https:\/\/vienaresidences.pt\/wp-content\/uploads\/2025\/02\/T2_95m2_Sala_01-768x512.jpg\" data-srcset=\"\" data-sizes=\"\" alt=\"\"  \/>\n\t\t\t\t\t\t\t\t\t\t\t\t\t\t\t\t\t\t\t\t\t\t\t\t\t\t\t\t<\/div>\n\t\t\t\t\t\t\t<\/div>\n\t\t\t\t\t\t\t\t\t\t\t\t\t<div class=\"swiper-slide slider__slide slider-images__slide\">\n\t\t\t\t\t\t\t\t<div class=\"slider__slide-inner slider-images__inner\">\n\t\t\t\t\t\t\t\t\t\t\t\t\t\t\t\t\t\t\t\t\t\t\t\t\t\t\t<img decoding=\"async\" class=\"swiper-lazy\" src=\"data:image\/png;base64,iVBORw0KGgoAAAANSUhEUgAAAAEAAAABCAQAAAHCGzyUAAAABGdBTUEAALGPC\/xhBQAAADhlWElmTU0AKgAAAAgAAYdpAAQAAAABAAAAGgAAAAAAAqACAAQAAAABAAAAAaADAAQAAAABAAAAAQAAAADa6r\/EAAAAC0lEQVQI12NolQQAASYAn89qhTcAAAAASUVORK5CYII=\" data-src=\"https:\/\/vienaresidences.pt\/wp-content\/uploads\/2025\/02\/T2_95m2_Sala_02-768x512.jpg\" data-srcset=\"\" data-sizes=\"\" alt=\"\"  \/>\n\t\t\t\t\t\t\t\t\t\t\t\t\t\t\t\t\t\t\t\t\t\t\t\t\t\t\t\t<\/div>\n\t\t\t\t\t\t\t<\/div>\n\t\t\t\t\t\t\t\t\t\t\t\t\t<div class=\"swiper-slide slider__slide slider-images__slide\">\n\t\t\t\t\t\t\t\t<div class=\"slider__slide-inner slider-images__inner\">\n\t\t\t\t\t\t\t\t\t\t\t\t\t\t\t\t\t\t\t\t\t\t\t\t\t\t\t<img decoding=\"async\" class=\"swiper-lazy\" src=\"data:image\/png;base64,iVBORw0KGgoAAAANSUhEUgAAAAEAAAABCAQAAAHCGzyUAAAABGdBTUEAALGPC\/xhBQAAADhlWElmTU0AKgAAAAgAAYdpAAQAAAABAAAAGgAAAAAAAqACAAQAAAABAAAAAaADAAQAAAABAAAAAQAAAADa6r\/EAAAAC0lEQVQI12NolQQAASYAn89qhTcAAAAASUVORK5CYII=\" data-src=\"https:\/\/vienaresidences.pt\/wp-content\/uploads\/2025\/02\/T2_95m2_Varanda_02-2-768x512.jpg\" data-srcset=\"\" data-sizes=\"\" alt=\"\"  \/>\n\t\t\t\t\t\t\t\t\t\t\t\t\t\t\t\t\t\t\t\t\t\t\t\t\t\t\t\t<\/div>\n\t\t\t\t\t\t\t<\/div>\n\t\t\t\t\t\t\t\t\t\t\t\t\t<div class=\"swiper-slide slider__slide slider-images__slide\">\n\t\t\t\t\t\t\t\t<div class=\"slider__slide-inner slider-images__inner\">\n\t\t\t\t\t\t\t\t\t\t\t\t\t\t\t\t\t\t\t\t\t\t\t\t\t\t\t<img decoding=\"async\" class=\"swiper-lazy\" src=\"data:image\/png;base64,iVBORw0KGgoAAAANSUhEUgAAAAEAAAABCAQAAAHCGzyUAAAABGdBTUEAALGPC\/xhBQAAADhlWElmTU0AKgAAAAgAAYdpAAQAAAABAAAAGgAAAAAAAqACAAQAAAABAAAAAaADAAQAAAABAAAAAQAAAADa6r\/EAAAAC0lEQVQI12NolQQAASYAn89qhTcAAAAASUVORK5CYII=\" data-src=\"https:\/\/vienaresidences.pt\/wp-content\/uploads\/2025\/02\/T2_95m2_Wc_01-768x512.jpg\" data-srcset=\"\" data-sizes=\"\" alt=\"\"  \/>\n\t\t\t\t\t\t\t\t\t\t\t\t\t\t\t\t\t\t\t\t\t\t\t\t\t\t\t\t<\/div>\n\t\t\t\t\t\t\t<\/div>\n\t\t\t\t\t\t\t\t\t\t\t\t\t<div class=\"swiper-slide slider__slide slider-images__slide\">\n\t\t\t\t\t\t\t\t<div class=\"slider__slide-inner slider-images__inner\">\n\t\t\t\t\t\t\t\t\t\t\t\t\t\t\t\t\t\t\t\t\t\t\t\t\t\t\t<img decoding=\"async\" class=\"swiper-lazy\" src=\"data:image\/png;base64,iVBORw0KGgoAAAANSUhEUgAAAAEAAAABCAQAAAHCGzyUAAAABGdBTUEAALGPC\/xhBQAAADhlWElmTU0AKgAAAAgAAYdpAAQAAAABAAAAGgAAAAAAAqACAAQAAAABAAAAAaADAAQAAAABAAAAAQAAAADa6r\/EAAAAC0lEQVQI12NolQQAASYAn89qhTcAAAAASUVORK5CYII=\" data-src=\"https:\/\/vienaresidences.pt\/wp-content\/uploads\/2025\/02\/T2_Quarto_01-768x512.jpg\" data-srcset=\"\" data-sizes=\"\" alt=\"\"  \/>\n\t\t\t\t\t\t\t\t\t\t\t\t\t\t\t\t\t\t\t\t\t\t\t\t\t\t\t\t<\/div>\n\t\t\t\t\t\t\t<\/div>\n\t\t\t\t\t\t\t\t\t\t\t\t\t<div class=\"swiper-slide slider__slide slider-images__slide\">\n\t\t\t\t\t\t\t\t<div class=\"slider__slide-inner slider-images__inner\">\n\t\t\t\t\t\t\t\t\t\t\t\t\t\t\t\t\t\t\t\t\t\t\t\t\t\t\t<img decoding=\"async\" class=\"swiper-lazy\" src=\"data:image\/png;base64,iVBORw0KGgoAAAANSUhEUgAAAAEAAAABCAQAAAHCGzyUAAAABGdBTUEAALGPC\/xhBQAAADhlWElmTU0AKgAAAAgAAYdpAAQAAAABAAAAGgAAAAAAAqACAAQAAAABAAAAAaADAAQAAAABAAAAAQAAAADa6r\/EAAAAC0lEQVQI12NolQQAASYAn89qhTcAAAAASUVORK5CYII=\" data-src=\"https:\/\/vienaresidences.pt\/wp-content\/uploads\/2025\/02\/T2_Sala_01-768x512.jpg\" data-srcset=\"\" data-sizes=\"\" alt=\"\"  \/>\n\t\t\t\t\t\t\t\t\t\t\t\t\t\t\t\t\t\t\t\t\t\t\t\t\t\t\t\t<\/div>\n\t\t\t\t\t\t\t<\/div>\n\t\t\t\t\t\t\t\t\t\t\t\t\t<div class=\"swiper-slide slider__slide slider-images__slide\">\n\t\t\t\t\t\t\t\t<div class=\"slider__slide-inner slider-images__inner\">\n\t\t\t\t\t\t\t\t\t\t\t\t\t\t\t\t\t\t\t\t\t\t\t\t\t\t\t<img decoding=\"async\" class=\"swiper-lazy\" src=\"data:image\/png;base64,iVBORw0KGgoAAAANSUhEUgAAAAEAAAABCAQAAAHCGzyUAAAABGdBTUEAALGPC\/xhBQAAADhlWElmTU0AKgAAAAgAAYdpAAQAAAABAAAAGgAAAAAAAqACAAQAAAABAAAAAaADAAQAAAABAAAAAQAAAADa6r\/EAAAAC0lEQVQI12NolQQAASYAn89qhTcAAAAASUVORK5CYII=\" data-src=\"https:\/\/vienaresidences.pt\/wp-content\/uploads\/2025\/02\/T2_Sala_02-768x512.jpg\" data-srcset=\"\" data-sizes=\"\" alt=\"\"  \/>\n\t\t\t\t\t\t\t\t\t\t\t\t\t\t\t\t\t\t\t\t\t\t\t\t\t\t\t\t<\/div>\n\t\t\t\t\t\t\t<\/div>\n\t\t\t\t\t\t\t\t\t\t\t\t\t<div class=\"swiper-slide slider__slide slider-images__slide\">\n\t\t\t\t\t\t\t\t<div class=\"slider__slide-inner slider-images__inner\">\n\t\t\t\t\t\t\t\t\t\t\t\t\t\t\t\t\t\t\t\t\t\t\t\t\t\t\t<img decoding=\"async\" class=\"swiper-lazy\" src=\"data:image\/png;base64,iVBORw0KGgoAAAANSUhEUgAAAAEAAAABCAQAAAHCGzyUAAAABGdBTUEAALGPC\/xhBQAAADhlWElmTU0AKgAAAAgAAYdpAAQAAAABAAAAGgAAAAAAAqACAAQAAAABAAAAAaADAAQAAAABAAAAAQAAAADa6r\/EAAAAC0lEQVQI12NolQQAASYAn89qhTcAAAAASUVORK5CYII=\" data-src=\"https:\/\/vienaresidences.pt\/wp-content\/uploads\/2025\/02\/T2_Wc_01-768x536.jpg\" data-srcset=\"\" data-sizes=\"\" alt=\"\"  \/>\n\t\t\t\t\t\t\t\t\t\t\t\t\t\t\t\t\t\t\t\t\t\t\t\t\t\t\t\t<\/div>\n\t\t\t\t\t\t\t<\/div>\n\t\t\t\t\t\t\t\t\t\t\t\t\t\t\t<\/div>\n\t\t\t<\/div>\n\t\t\t<div class=\"container-fluid slider-images__footer\">\n\t\t\t\t<div class=\"row align-items-center justify-content-center\">\n\t\t\t\t\t\t\t\t\t\t\t<div class=\"col-auto col-md-4 text-left slider__footer-col order-md-1 order-1 text-center\">\n\t\t\t\t\t\t\t<div class=\"slider__arrows\">\n\t\t\t\t\t\t\t\t<div class=\"slider__arrow js-slider-images__prev\"><i class=\"material-icons\">keyboard_arrow_left<\/i><\/div>\n\t\t\t\t\t\t\t\t<div class=\"slider__arrows-divider\"><\/div>\n\t\t\t\t\t\t\t\t<div class=\"slider__arrow js-slider-images__next\"><i class=\"material-icons\">keyboard_arrow_right<\/i><\/div>\n\t\t\t\t\t\t\t<\/div>\n\t\t\t\t\t\t<\/div>\n\t\t\t\t\t\t<!-- - slider nav arrows -->\n\t\t\t\t\t\t\t\t\t\t\t\t\t\t\t\t \n\t\t\t\t\t\t\t<div class=\"col-auto col-md-4 text-center slider__footer-col d-none d-md-block order-md-3 order-2\">\n\t\t\t\t\t\t\t\t<div class=\"slider__dots js-slider-images__dots\">\n\t\t\t\t\t\t\t\t\t<div class=\"slider__dot slider__dot_active\">\n\t\t\t\t\t\t\t\t\t\t<svg viewbox=\"0 0 152 152\" version=\"1.1\" xmlns=\"http:\/\/www.w3.org\/2000\/svg\" xmlns:xlink=\"http:\/\/www.w3.org\/1999\/xlink\">\n\t\t\t\t\t\t\t\t\t\t\t<g fill=\"none\" fill-rule=\"evenodd\">\n\t\t\t\t\t\t\t\t\t\t\t\t<g transform=\"translate(-134.000000, -98.000000)\">\n\t\t\t\t\t\t\t\t\t\t\t\t\t<path class=\"circle\" d=\"M135,174a75,75 0 1,0 150,0a75,75 0 1,0 -150,0\"><\/path>\n\t\t\t\t\t\t\t\t\t\t\t\t<\/g>\n\t\t\t\t\t\t\t\t\t\t\t<\/g>\n\t\t\t\t\t\t\t\t\t\t<\/svg>\n\t\t\t\t\t\t\t\t\t<\/div>\n\t\t\t\t\t\t\t\t\t<div class=\"slider__dot\">\n\t\t\t\t\t\t\t\t\t\t<svg viewbox=\"0 0 152 152\" version=\"1.1\" xmlns=\"http:\/\/www.w3.org\/2000\/svg\" xmlns:xlink=\"http:\/\/www.w3.org\/1999\/xlink\">\n\t\t\t\t\t\t\t\t\t\t\t<g fill=\"none\" fill-rule=\"evenodd\">\n\t\t\t\t\t\t\t\t\t\t\t\t<g transform=\"translate(-134.000000, -98.000000)\">\n\t\t\t\t\t\t\t\t\t\t\t\t\t<path class=\"circle\" d=\"M135,174a75,75 0 1,0 150,0a75,75 0 1,0 -150,0\"><\/path>\n\t\t\t\t\t\t\t\t\t\t\t\t<\/g>\n\t\t\t\t\t\t\t\t\t\t\t<\/g>\n\t\t\t\t\t\t\t\t\t\t<\/svg>\n\t\t\t\t\t\t\t\t\t<\/div>\n\t\t\t\t\t\t\t\t<\/div>\n\t\t\t\t\t\t\t<\/div>\n\t\t\t\t\t\t<!-- - slider nav dots -->\n\t\t\t\t\t\t\t\t\t\t\t\t\t\t\t\t\t\t\t\t<\/div>\n\t\t\t<\/div>\n\t\t<\/div>\n\n\t\t\t\t\t\t<\/div>\n\t\t\t\t<\/div>\n\t\t\t\t\t<\/div>\n\t\t<\/div>\n\t\t\t\t\t<\/div>\n\t\t<\/section>\n\t\t<div class=\"elementor-element elementor-element-2695d62 e-flex e-con-boxed e-con e-parent\" data-id=\"2695d62\" data-element_type=\"container\">\n\t\t\t\t\t<div class=\"e-con-inner\">\n\t\t<div class=\"elementor-element elementor-element-54ca532 e-con-full e-flex e-con e-child\" data-id=\"54ca532\" data-element_type=\"container\">\n\t\t\t\t<div class=\"elementor-element elementor-element-47b7a3e elementor-widget elementor-widget-cassio-widget-call-to-action\" data-id=\"47b7a3e\" data-element_type=\"widget\" data-widget_type=\"cassio-widget-call-to-action.default\">\n\t\t\t\t<div class=\"elementor-widget-container\">\n\t\t\t\t\t\n\t\t<div class=\"section section-content section-cta section-image section_z-100 section_pt-xsmall section_pb-xsmall\" data-os-animation=\"\">\n\t\t\t\t\t\t<div class=\"section__content\">\n\t\t\t\t<div class=\"container-fluid\">\n\t\t\t\t\t<div class=\"row justify-content-center text-center\">\n\t\t\t\t\t\t<div class=\"col-lg-8\">\n\t\t\t\t\t\t\t<header class=\"section-cta__header\">\n\t\t\t\t\t\t\t\t<div class=\"split-text js-split-text\" data-split-text-type=\"lines\" data-split-text-set=\"lines\"><h2>Want to know more?<\/h2><p data-start=\"59\" data-end=\"131\">Access the commercial brochure by clicking the button below.<\/p><\/div>\n\t\t\t\t\t\t\t<\/header>\n\t\t\t\t\t\t\t\t\t\t\t\t\t\t\t<div class=\"section-cta__wrapper-button section-content__wrapper-button\">\n\t\t\t\t\t\t\t\t\t\t\t\t\t\t\t\t\t\t\t<a class=\"button button_icon bg-accent-primary-2\" href=\"https:\/\/vienaresidences.pt\/wp-content\/uploads\/2025\/03\/20250227_BROCHURACOMERCIAL_digital_low.pdf\" target=\"_blank\" rel=\"nofollow\">\n\t\t\t\t\t\t\t\t\t\t\t<div class=\"button__label\" >\n\t\t\t\t\t\t\t\t\t\t\t\t<span >Download the brochure<\/span>\n\t\t\t\t\t\t\t\t\t\t\t<\/div>\n\t\t\t\t\t\t\t\t\t\t\t<div class=\"button__icon\"><i class=\"material-icons\">keyboard_arrow_right<\/i><\/div>\n\t\t\t\t\t\t\t\t\t\t<\/a>\n\t\t\t\t\t\t\t\t\t\t\t\t\t\t\t\t\t<\/div>\n\t\t\t\t\t\t\t\t\t\t\t\t\t<\/div>\n\t\t\t\t\t<\/div>\n\t\t\t\t<\/div>\n\t\t\t<\/div>\n\t\t\t\t\t\t\t\t\t\t\t\t<\/div>\n\n\t\t\t\t\t\t<\/div>\n\t\t\t\t<\/div>\n\t\t\t\t<\/div>\n\t\t\t\t\t<\/div>\n\t\t\t\t<\/div>\n\t\t\t\t<\/div>","protected":false},"excerpt":{"rendered":"<p>keyboard_arrow_left keyboard_arrow_right Est\u00e1 interessado? Aceda no bot\u00e3o abaixo \u00e0 brochura comercial DESCARREGUE A BROCHURA keyboard_arrow_right<\/p>","protected":false},"author":2,"featured_media":0,"parent":0,"menu_order":0,"comment_status":"closed","ping_status":"closed","template":"","meta":{"_acf_changed":false,"_themeisle_gutenberg_block_has_review":false,"footnotes":""},"class_list":["post-2000","page","type-page","status-publish","hentry"],"acf":[],"_links":{"self":[{"href":"https:\/\/vienaresidences.pt\/en\/wp-json\/wp\/v2\/pages\/2000","targetHints":{"allow":["GET"]}}],"collection":[{"href":"https:\/\/vienaresidences.pt\/en\/wp-json\/wp\/v2\/pages"}],"about":[{"href":"https:\/\/vienaresidences.pt\/en\/wp-json\/wp\/v2\/types\/page"}],"author":[{"embeddable":true,"href":"https:\/\/vienaresidences.pt\/en\/wp-json\/wp\/v2\/users\/2"}],"replies":[{"embeddable":true,"href":"https:\/\/vienaresidences.pt\/en\/wp-json\/wp\/v2\/comments?post=2000"}],"version-history":[{"count":22,"href":"https:\/\/vienaresidences.pt\/en\/wp-json\/wp\/v2\/pages\/2000\/revisions"}],"predecessor-version":[{"id":2069,"href":"https:\/\/vienaresidences.pt\/en\/wp-json\/wp\/v2\/pages\/2000\/revisions\/2069"}],"wp:attachment":[{"href":"https:\/\/vienaresidences.pt\/en\/wp-json\/wp\/v2\/media?parent=2000"}],"curies":[{"name":"wp","href":"https:\/\/api.w.org\/{rel}","templated":true}]}}